{"id":5714,"date":"2025-04-11T11:51:20","date_gmt":"2025-04-11T08:51:20","guid":{"rendered":"https:\/\/sarkaclub.com\/?page_id=5714"},"modified":"2025-04-16T20:43:50","modified_gmt":"2025-04-16T17:43:50","slug":"about-us-3","status":"publish","type":"page","link":"https:\/\/sarkaclub.com\/lt\/about-us-3\/","title":{"rendered":"Apie mus"},"content":{"rendered":"<div data-elementor-type=\"wp-page\" data-elementor-id=\"5714\" class=\"elementor elementor-5714\">\n\t\t\t\t\t\t<section class=\"elementor-section elementor-top-section elementor-element elementor-element-63bdb5a elementor-section-boxed elementor-section-height-default elementor-section-height-default wpr-particle-no wpr-jarallax-no wpr-parallax-no wpr-sticky-section-no\" data-id=\"63bdb5a\" data-element_type=\"section\">\n\t\t\t\t\t\t<div class=\"elementor-container elementor-column-gap-default\">\n\t\t\t\t\t<div class=\"elementor-column elementor-col-100 elementor-top-column elementor-element elementor-element-f2d996e\" data-id=\"f2d996e\" data-element_type=\"column\">\n\t\t\t<div class=\"elementor-widget-wrap elementor-element-populated\">\n\t\t\t\t\t\t<div class=\"elementor-element elementor-element-dea52ff elementor-widget elementor-widget-text-editor\" data-id=\"dea52ff\" data-element_type=\"widget\" data-widget_type=\"text-editor.default\">\n\t\t\t\t<div class=\"elementor-widget-container\">\n\t\t\t\t\t\t\t\t\t<p>\u00a0Juridinis asmuo, vienijantis Zigmanto \u0160arkos gerb\u0117jus, r\u0117m\u0117jus, \u017eirginio sporto profesionalus, entuziastus ir bendramin\u010dius. Id\u0117ja \u012fkurti klub\u0105 \u012fk\u016br\u0117jui kilo 2014 metais Kaune, o kit\u0173 sporto entuziast\u0173 nuomone, toks klubas tur\u0117jo atsirasti jau seniai. 2014 metais, kai Z.\u0160arka tapo atviro Lietuvos konk\u016br\u0173 \u010dempionato nugal\u0117toju, tai buvo viena pagrindini\u0173 \u0161io klubo starto prie\u017eas\u010di\u0173.\u00a02022 metais registracijos adresas pakeistas i\u0161 Kauno miesto \u012f Prien\u0173 rajono savivaldyb\u0119.<\/p><p>Legendinio raitelio Zigmanto \u0160arkos sporto klubas. Z. \u0160arkos karjera jodin\u0117jimo srityje prasid\u0117jo 1969 m.<\/p>\t\t\t\t\t\t\t\t<\/div>\n\t\t\t\t<\/div>\n\t\t\t\t\t<\/div>\n\t\t<\/div>\n\t\t\t\t\t<\/div>\n\t\t<\/section>\n\t\t\t\t<section class=\"elementor-section elementor-top-section elementor-element elementor-element-31faec0 elementor-section-boxed elementor-section-height-default elementor-section-height-default wpr-particle-no wpr-jarallax-no wpr-parallax-no wpr-sticky-section-no\" data-id=\"31faec0\" data-element_type=\"section\">\n\t\t\t\t\t\t<div class=\"elementor-container elementor-column-gap-default\">\n\t\t\t\t\t<div class=\"elementor-column elementor-col-50 elementor-top-column elementor-element elementor-element-eab35d4\" data-id=\"eab35d4\" data-element_type=\"column\">\n\t\t\t<div class=\"elementor-widget-wrap elementor-element-populated\">\n\t\t\t\t\t\t<div class=\"elementor-element elementor-element-c29d2a2 elementor-widget__width-initial elementor-widget elementor-widget-text-editor\" data-id=\"c29d2a2\" data-element_type=\"widget\" data-widget_type=\"text-editor.default\">\n\t\t\t\t<div class=\"elementor-widget-container\">\n\t\t\t\t\t\t\t\t\t<p>Did\u017eiausi pasiekimai:<\/p><ul><li>Respublikos jaunimo \u010dempionas<\/li><li>S\u0105jungos \u010dempionato 3 vietos laim\u0117tojas (1975 m.)<\/li><li>Asmeninis ir komandinis 8-osios nacionalin\u0117s taur\u0117s \u010dempionas (1983 m.)<\/li><li>SSRS rinktin\u0117 (1984-1987), asmeninis (1987) \u010dempionas<\/li><li>11-oji nacionalin\u0117s taur\u0117s komandinis \u010dempionas<\/li><li>Pasaulio taur\u0117s Raseini\u0173 \u010dempionato laim\u0117tojas<\/li><li>\u0160uolio \u012f auk\u0161t\u012f Lietuvos rekordininkas (209 cm)<\/li><li>Pasaulio ir Europos \u010dempionat\u0173 dalyvis, Lietuvos \u010dempionas<\/li><\/ul>\t\t\t\t\t\t\t\t<\/div>\n\t\t\t\t<\/div>\n\t\t\t\t\t<\/div>\n\t\t<\/div>\n\t\t\t\t<div class=\"elementor-column elementor-col-50 elementor-top-column elementor-element elementor-element-3b364cb\" data-id=\"3b364cb\" data-element_type=\"column\">\n\t\t\t<div class=\"elementor-widget-wrap elementor-element-populated\">\n\t\t\t\t\t\t<div class=\"elementor-element elementor-element-5b2d08e elementor-widget elementor-widget-image\" data-id=\"5b2d08e\" data-element_type=\"widget\" data-widget_type=\"image.default\">\n\t\t\t\t<div class=\"elementor-widget-container\">\n\t\t\t\t\t\t\t\t\t\t\t\t\t\t\t<img fetchpriority=\"high\" decoding=\"async\" width=\"960\" height=\"640\" src=\"https:\/\/sarkaclub.com\/wp-content\/uploads\/2018\/10\/14368636_1790507571228476_4293186504664234704_n.jpg\" class=\"attachment-large size-large wp-image-5443\" alt=\"\" srcset=\"https:\/\/sarkaclub.com\/wp-content\/uploads\/2018\/10\/14368636_1790507571228476_4293186504664234704_n.jpg 960w, https:\/\/sarkaclub.com\/wp-content\/uploads\/2018\/10\/14368636_1790507571228476_4293186504664234704_n-300x200.jpg 300w, https:\/\/sarkaclub.com\/wp-content\/uploads\/2018\/10\/14368636_1790507571228476_4293186504664234704_n-768x512.jpg 768w, https:\/\/sarkaclub.com\/wp-content\/uploads\/2018\/10\/14368636_1790507571228476_4293186504664234704_n-200x133.jpg 200w\" sizes=\"(max-width: 960px) 100vw, 960px\" \/>\t\t\t\t\t\t\t\t\t\t\t\t\t\t\t<\/div>\n\t\t\t\t<\/div>\n\t\t\t\t\t<\/div>\n\t\t<\/div>\n\t\t\t\t\t<\/div>\n\t\t<\/section>\n\t\t\t\t<\/div>","protected":false},"excerpt":{"rendered":"<p>\u00a0A legal entity that brings together Zigmantas \u0160arka&#8217;s fans, supporters, equestrian sports professionals, enthusiasts and like-minded people. The idea to establish a club came to the founder in 2014 in Kaunas, and according to other sports enthusiasts, such a club should have appeared a long time ago. In 2014, when Z.\u0160arka became the winner of the Open Lithuanian Show Jumping Championship, this was one of the main reasons for the start of this club.\u00a0In 2022, the registration address was changed from Kaunas city to Prienai district municipality. Sport club of legendary rider Zigmantas Sarka. Z. Sarka career in horse riding started 1969. Major achievements: Respublican youth champion Union championship 3rd place winner (1975) Individual and team champion of the 8th nation cup (1983) USSR team (1984-1987), personal (1987) champion 11th nation cup team champion World cup Raseiniai championship winner Jump to hight Lithuanian record holder (209cm) Worl and Europe championships participant, Lithuanian champion<\/p>","protected":false},"author":1,"featured_media":0,"parent":0,"menu_order":0,"comment_status":"closed","ping_status":"closed","template":"","meta":{"site-sidebar-layout":"default","site-content-layout":"","ast-site-content-layout":"","site-content-style":"default","site-sidebar-style":"default","ast-global-header-display":"","ast-banner-title-visibility":"","ast-main-header-display":"","ast-hfb-above-header-display":"","ast-hfb-below-header-display":"","ast-hfb-mobile-header-display":"","site-post-title":"","ast-breadcrumbs-content":"","ast-featured-img":"","footer-sml-layout":"","theme-transparent-header-meta":"","adv-header-id-meta":"","stick-header-meta":"","header-above-stick-meta":"","header-main-stick-meta":"","header-below-stick-meta":"","astra-migrate-meta-layouts":"default","ast-page-background-enabled":"default","ast-page-background-meta":{"desktop":{"background-color":"var(--ast-global-color-5)","background-image":"","background-repeat":"repeat","background-position":"center center","background-size":"auto","background-attachment":"scroll","background-type":"","background-media":"","overlay-type":"","overlay-color":"","overlay-opacity":"","overlay-gradient":""},"tablet":{"background-color":"","background-image":"","background-repeat":"repeat","background-position":"center center","background-size":"auto","background-attachment":"scroll","background-type":"","background-media":"","overlay-type":"","overlay-color":"","overlay-opacity":"","overlay-gradient":""},"mobile":{"background-color":"","background-image":"","background-repeat":"repeat","background-position":"center center","background-size":"auto","background-attachment":"scroll","background-type":"","background-media":"","overlay-type":"","overlay-color":"","overlay-opacity":"","overlay-gradient":""}},"ast-content-background-meta":{"desktop":{"background-color":"var(--ast-global-color-4)","background-image":"","background-repeat":"repeat","background-position":"center center","background-size":"auto","background-attachment":"scroll","background-type":"","background-media":"","overlay-type":"","overlay-color":"","overlay-opacity":"","overlay-gradient":""},"tablet":{"background-color":"var(--ast-global-color-4)","background-image":"","background-repeat":"repeat","background-position":"center center","background-size":"auto","background-attachment":"scroll","background-type":"","background-media":"","overlay-type":"","overlay-color":"","overlay-opacity":"","overlay-gradient":""},"mobile":{"background-color":"var(--ast-global-color-4)","background-image":"","background-repeat":"repeat","background-position":"center center","background-size":"auto","background-attachment":"scroll","background-type":"","background-media":"","overlay-type":"","overlay-color":"","overlay-opacity":"","overlay-gradient":""}},"footnotes":""},"class_list":["post-5714","page","type-page","status-publish","hentry"],"_links":{"self":[{"href":"https:\/\/sarkaclub.com\/lt\/wp-json\/wp\/v2\/pages\/5714","targetHints":{"allow":["GET"]}}],"collection":[{"href":"https:\/\/sarkaclub.com\/lt\/wp-json\/wp\/v2\/pages"}],"about":[{"href":"https:\/\/sarkaclub.com\/lt\/wp-json\/wp\/v2\/types\/page"}],"author":[{"embeddable":true,"href":"https:\/\/sarkaclub.com\/lt\/wp-json\/wp\/v2\/users\/1"}],"replies":[{"embeddable":true,"href":"https:\/\/sarkaclub.com\/lt\/wp-json\/wp\/v2\/comments?post=5714"}],"version-history":[{"count":20,"href":"https:\/\/sarkaclub.com\/lt\/wp-json\/wp\/v2\/pages\/5714\/revisions"}],"predecessor-version":[{"id":5898,"href":"https:\/\/sarkaclub.com\/lt\/wp-json\/wp\/v2\/pages\/5714\/revisions\/5898"}],"wp:attachment":[{"href":"https:\/\/sarkaclub.com\/lt\/wp-json\/wp\/v2\/media?parent=5714"}],"curies":[{"name":"wp","href":"https:\/\/api.w.org\/{rel}","templated":true}]}}