{"id":5956,"date":"2025-04-22T10:01:34","date_gmt":"2025-04-22T07:01:34","guid":{"rendered":"https:\/\/sarkaclub.com\/?page_id=5956"},"modified":"2025-04-25T14:16:00","modified_gmt":"2025-04-25T11:16:00","slug":"our-team","status":"publish","type":"page","link":"https:\/\/sarkaclub.com\/lt\/our-team\/","title":{"rendered":"M\u016bs\u0173 komanda"},"content":{"rendered":"<div data-elementor-type=\"wp-page\" data-elementor-id=\"5956\" class=\"elementor elementor-5956\">\n\t\t\t\t\t\t<section class=\"elementor-section elementor-top-section elementor-element elementor-element-c812675 elementor-section-boxed elementor-section-height-default elementor-section-height-default wpr-particle-no wpr-jarallax-no wpr-parallax-no wpr-sticky-section-no\" data-id=\"c812675\" data-element_type=\"section\">\n\t\t\t\t\t\t<div class=\"elementor-container elementor-column-gap-default\">\n\t\t\t\t\t<div class=\"elementor-column elementor-col-50 elementor-top-column elementor-element elementor-element-595a7b0\" data-id=\"595a7b0\" data-element_type=\"column\">\n\t\t\t<div class=\"elementor-widget-wrap elementor-element-populated\">\n\t\t\t\t\t\t<div class=\"elementor-element elementor-element-2140a8f elementor-widget elementor-widget-image\" data-id=\"2140a8f\" data-element_type=\"widget\" data-widget_type=\"image.default\">\n\t\t\t\t<div class=\"elementor-widget-container\">\n\t\t\t\t\t\t\t\t\t\t\t\t\t\t\t<img fetchpriority=\"high\" decoding=\"async\" width=\"1024\" height=\"1024\" src=\"https:\/\/sarkaclub.com\/wp-content\/uploads\/2025\/04\/486821619_10162366545011768_2112979675077469138_n-1024x1024.jpg\" class=\"attachment-large size-large wp-image-5960\" alt=\"\" srcset=\"https:\/\/sarkaclub.com\/wp-content\/uploads\/2025\/04\/486821619_10162366545011768_2112979675077469138_n-1024x1024.jpg 1024w, https:\/\/sarkaclub.com\/wp-content\/uploads\/2025\/04\/486821619_10162366545011768_2112979675077469138_n-300x300.jpg 300w, https:\/\/sarkaclub.com\/wp-content\/uploads\/2025\/04\/486821619_10162366545011768_2112979675077469138_n-150x150.jpg 150w, https:\/\/sarkaclub.com\/wp-content\/uploads\/2025\/04\/486821619_10162366545011768_2112979675077469138_n-768x768.jpg 768w, https:\/\/sarkaclub.com\/wp-content\/uploads\/2025\/04\/486821619_10162366545011768_2112979675077469138_n.jpg 1194w\" sizes=\"(max-width: 1024px) 100vw, 1024px\" \/>\t\t\t\t\t\t\t\t\t\t\t\t\t\t\t<\/div>\n\t\t\t\t<\/div>\n\t\t\t\t<div class=\"elementor-element elementor-element-7b606c0 elementor-widget elementor-widget-text-editor\" data-id=\"7b606c0\" data-element_type=\"widget\" data-widget_type=\"text-editor.default\">\n\t\t\t\t<div class=\"elementor-widget-container\">\n\t\t\t\t\t\t\t\t\t<p><span tabindex=\"0\" aria-live=\"polite\" data-ft=\"{\"><strong>Lina \u0160arkien\u0117<\/strong><br>Klubo vadov\u0117<\/span><\/p>\t\t\t\t\t\t\t\t<\/div>\n\t\t\t\t<\/div>\n\t\t\t\t\t<\/div>\n\t\t<\/div>\n\t\t\t\t<div class=\"elementor-column elementor-col-50 elementor-top-column elementor-element elementor-element-54bd8e4\" data-id=\"54bd8e4\" data-element_type=\"column\">\n\t\t\t<div class=\"elementor-widget-wrap elementor-element-populated\">\n\t\t\t\t\t\t<div class=\"elementor-element elementor-element-d23a2f4 elementor-widget elementor-widget-image\" data-id=\"d23a2f4\" data-element_type=\"widget\" data-widget_type=\"image.default\">\n\t\t\t\t<div class=\"elementor-widget-container\">\n\t\t\t\t\t\t\t\t\t\t\t\t\t\t\t<img decoding=\"async\" width=\"684\" height=\"768\" src=\"https:\/\/sarkaclub.com\/wp-content\/uploads\/2025\/04\/111256872_3918454374848470_5800029340674759680_n-e1745306083166.jpg\" class=\"attachment-large size-large wp-image-5958\" alt=\"\" srcset=\"https:\/\/sarkaclub.com\/wp-content\/uploads\/2025\/04\/111256872_3918454374848470_5800029340674759680_n-e1745306083166.jpg 684w, https:\/\/sarkaclub.com\/wp-content\/uploads\/2025\/04\/111256872_3918454374848470_5800029340674759680_n-e1745306083166-267x300.jpg 267w\" sizes=\"(max-width: 684px) 100vw, 684px\" \/>\t\t\t\t\t\t\t\t\t\t\t\t\t\t\t<\/div>\n\t\t\t\t<\/div>\n\t\t\t\t<div class=\"elementor-element elementor-element-7671a31 elementor-widget elementor-widget-text-editor\" data-id=\"7671a31\" data-element_type=\"widget\" data-widget_type=\"text-editor.default\">\n\t\t\t\t<div class=\"elementor-widget-container\">\n\t\t\t\t\t\t\t\t\t<h6><span tabindex=\"0\" aria-live=\"polite\" data-ft=\"{\">Zigmantas \u0160arka jr.<\/span><\/h6><p><span tabindex=\"0\" aria-live=\"polite\" data-ft=\"{\">Raitelis, kuris t\u0119sia \u0161eimos tradicij\u0105 ir eina t\u0117vo p\u0117dsakais jojimo sporte. Kaip \u017emogus -<br \/>jautrus, kantrus, nuo\u0161irdus. Daugkartinis var\u017eyb\u0173 laim\u0117tojas, su didel\u0117mis ambicijomis<br \/>\u017eirginiam sporte.<\/span><\/p>\t\t\t\t\t\t\t\t<\/div>\n\t\t\t\t<\/div>\n\t\t\t\t\t<\/div>\n\t\t<\/div>\n\t\t\t\t\t<\/div>\n\t\t<\/section>\n\t\t\t\t<section class=\"elementor-section elementor-top-section elementor-element elementor-element-ffc4956 elementor-section-boxed elementor-section-height-default elementor-section-height-default wpr-particle-no wpr-jarallax-no wpr-parallax-no wpr-sticky-section-no\" data-id=\"ffc4956\" data-element_type=\"section\">\n\t\t\t\t\t\t<div class=\"elementor-container elementor-column-gap-default\">\n\t\t\t\t\t<div class=\"elementor-column elementor-col-50 elementor-top-column elementor-element elementor-element-414b06f\" data-id=\"414b06f\" data-element_type=\"column\">\n\t\t\t<div class=\"elementor-widget-wrap elementor-element-populated\">\n\t\t\t\t\t\t<div class=\"elementor-element elementor-element-42a3b6e elementor-widget elementor-widget-image\" data-id=\"42a3b6e\" data-element_type=\"widget\" data-widget_type=\"image.default\">\n\t\t\t\t<div class=\"elementor-widget-container\">\n\t\t\t\t\t\t\t\t\t\t\t\t\t\t\t<img decoding=\"async\" width=\"686\" height=\"1024\" src=\"https:\/\/sarkaclub.com\/wp-content\/uploads\/2025\/04\/464991152_8512356782145053_6135089116000012252_n-686x1024.jpg\" class=\"attachment-large size-large wp-image-5959\" alt=\"\" srcset=\"https:\/\/sarkaclub.com\/wp-content\/uploads\/2025\/04\/464991152_8512356782145053_6135089116000012252_n-686x1024.jpg 686w, https:\/\/sarkaclub.com\/wp-content\/uploads\/2025\/04\/464991152_8512356782145053_6135089116000012252_n-201x300.jpg 201w, https:\/\/sarkaclub.com\/wp-content\/uploads\/2025\/04\/464991152_8512356782145053_6135089116000012252_n-768x1147.jpg 768w, https:\/\/sarkaclub.com\/wp-content\/uploads\/2025\/04\/464991152_8512356782145053_6135089116000012252_n-1028x1536.jpg 1028w, https:\/\/sarkaclub.com\/wp-content\/uploads\/2025\/04\/464991152_8512356782145053_6135089116000012252_n.jpg 1371w\" sizes=\"(max-width: 686px) 100vw, 686px\" \/>\t\t\t\t\t\t\t\t\t\t\t\t\t\t\t<\/div>\n\t\t\t\t<\/div>\n\t\t\t\t\t<\/div>\n\t\t<\/div>\n\t\t\t\t<div class=\"elementor-column elementor-col-50 elementor-top-column elementor-element elementor-element-5fd370c\" data-id=\"5fd370c\" data-element_type=\"column\">\n\t\t\t<div class=\"elementor-widget-wrap elementor-element-populated\">\n\t\t\t\t\t\t<div class=\"elementor-element elementor-element-912560b elementor-widget elementor-widget-text-editor\" data-id=\"912560b\" data-element_type=\"widget\" data-widget_type=\"text-editor.default\">\n\t\t\t\t<div class=\"elementor-widget-container\">\n\t\t\t\t\t\t\t\t\t<p><strong>Zigmantas \u0160arka<\/strong><br \/><a href=\"https:\/\/lt.wikipedia.org\/wiki\/Zigmantas_arka?fbclid=IwAR0YBgSD_Vy7sBY_dTYjHIk1qadvzfouHuCG6m9y2HrE0ocAcGsAN6u_YpA\" target=\"_blank\" rel=\"nofollow noopener\" data-lynx-mode=\"asynclazy\" data-lynx-uri=\"https:\/\/l.facebook.com\/l.php?u=https%3A%2F%2Flt.wikipedia.org%2Fwiki%2FZigmantas_%25C5%25A0arka%3Ffbclid%3DIwAR0YBgSD_Vy7sBY_dTYjHIk1qadvzfouHuCG6m9y2HrE0ocAcGsAN6u_YpA&amp;h=AT0T5yJlR36n2vJU-_VzTurZPtMVVXXVbobd1nATnGIjl1Nr9S4WGNdmI6KPLYM6HcGn3S2jZUy0tGVwHX_CZKQ9OWYXe4HvGxnyCwV7hTfxRI12d-QkYy_QgFOwxEux9QQQMDqX\">http:\/\/lt.wikipedia.org\/<wbr \/>wiki\/Zigmantas_\u0160arka<\/a><br \/>Klubo siela, \u012fkv\u0117p\u0117jas bei labai gerbiamas \u017emogus tarp vis\u0173 jojik\u0173.<br \/>Galima tiek daug para\u0161yti apie Z. \u0160ark\u0105, tie kurie pa\u017e\u012fsta j\u012f tikrai supranta<br \/>apie k\u0105 kalbame. (nuotrauka Monikos Paulauskait\u0117s)<\/p>\t\t\t\t\t\t\t\t<\/div>\n\t\t\t\t<\/div>\n\t\t\t\t\t<\/div>\n\t\t<\/div>\n\t\t\t\t\t<\/div>\n\t\t<\/section>\n\t\t\t\t<\/div>","protected":false},"excerpt":{"rendered":"<p>Lina \u0160arkien\u0117Sport club manager Zigmantas \u0160arka jr. A rider who continues family tradition and follows his father steps in equestrian sport. As a person \u2013sensitive, patient, with a big and honest heart. Various competitions prize winner, has big ambitious inequestrian sport. Zigmantas \u0160arkahttp:\/\/lt.wikipedia.org\/wiki\/Zigmantas_\u0160arkaThe soul of sports club, inspirer and a person very much respected amongst all equestriancommunity. There is so much more to tell about Z. Sarka, but those who know this person, knowexactly what we are talking about. (photo by Monika Paulauskait\u0117)<\/p>","protected":false},"author":1,"featured_media":0,"parent":0,"menu_order":0,"comment_status":"closed","ping_status":"closed","template":"","meta":{"site-sidebar-layout":"no-sidebar","site-content-layout":"","ast-site-content-layout":"full-width-container","site-content-style":"default","site-sidebar-style":"default","ast-global-header-display":"","ast-banner-title-visibility":"","ast-main-header-display":"","ast-hfb-above-header-display":"","ast-hfb-below-header-display":"","ast-hfb-mobile-header-display":"","site-post-title":"disabled","ast-breadcrumbs-content":"","ast-featured-img":"disabled","footer-sml-layout":"","theme-transparent-header-meta":"","adv-header-id-meta":"","stick-header-meta":"","header-above-stick-meta":"","header-main-stick-meta":"","header-below-stick-meta":"","astra-migrate-meta-layouts":"default","ast-page-background-enabled":"default","ast-page-background-meta":{"desktop":{"background-color":"var(--ast-global-color-5)","background-image":"","background-repeat":"repeat","background-position":"center center","background-size":"auto","background-attachment":"scroll","background-type":"","background-media":"","overlay-type":"","overlay-color":"","overlay-opacity":"","overlay-gradient":""},"tablet":{"background-color":"","background-image":"","background-repeat":"repeat","background-position":"center center","background-size":"auto","background-attachment":"scroll","background-type":"","background-media":"","overlay-type":"","overlay-color":"","overlay-opacity":"","overlay-gradient":""},"mobile":{"background-color":"","background-image":"","background-repeat":"repeat","background-position":"center center","background-size":"auto","background-attachment":"scroll","background-type":"","background-media":"","overlay-type":"","overlay-color":"","overlay-opacity":"","overlay-gradient":""}},"ast-content-background-meta":{"desktop":{"background-color":"var(--ast-global-color-4)","background-image":"","background-repeat":"repeat","background-position":"center center","background-size":"auto","background-attachment":"scroll","background-type":"","background-media":"","overlay-type":"","overlay-color":"","overlay-opacity":"","overlay-gradient":""},"tablet":{"background-color":"var(--ast-global-color-4)","background-image":"","background-repeat":"repeat","background-position":"center center","background-size":"auto","background-attachment":"scroll","background-type":"","background-media":"","overlay-type":"","overlay-color":"","overlay-opacity":"","overlay-gradient":""},"mobile":{"background-color":"var(--ast-global-color-4)","background-image":"","background-repeat":"repeat","background-position":"center center","background-size":"auto","background-attachment":"scroll","background-type":"","background-media":"","overlay-type":"","overlay-color":"","overlay-opacity":"","overlay-gradient":""}},"footnotes":""},"class_list":["post-5956","page","type-page","status-publish","hentry"],"_links":{"self":[{"href":"https:\/\/sarkaclub.com\/lt\/wp-json\/wp\/v2\/pages\/5956","targetHints":{"allow":["GET"]}}],"collection":[{"href":"https:\/\/sarkaclub.com\/lt\/wp-json\/wp\/v2\/pages"}],"about":[{"href":"https:\/\/sarkaclub.com\/lt\/wp-json\/wp\/v2\/types\/page"}],"author":[{"embeddable":true,"href":"https:\/\/sarkaclub.com\/lt\/wp-json\/wp\/v2\/users\/1"}],"replies":[{"embeddable":true,"href":"https:\/\/sarkaclub.com\/lt\/wp-json\/wp\/v2\/comments?post=5956"}],"version-history":[{"count":7,"href":"https:\/\/sarkaclub.com\/lt\/wp-json\/wp\/v2\/pages\/5956\/revisions"}],"predecessor-version":[{"id":5973,"href":"https:\/\/sarkaclub.com\/lt\/wp-json\/wp\/v2\/pages\/5956\/revisions\/5973"}],"wp:attachment":[{"href":"https:\/\/sarkaclub.com\/lt\/wp-json\/wp\/v2\/media?parent=5956"}],"curies":[{"name":"wp","href":"https:\/\/api.w.org\/{rel}","templated":true}]}}